{"id":3789,"date":"2024-04-26T14:08:54","date_gmt":"2024-04-26T12:08:54","guid":{"rendered":"https:\/\/campingcolombres.com\/politica-de-privacidad\/"},"modified":"2024-09-18T10:30:22","modified_gmt":"2024-09-18T08:30:22","slug":"politica-de-privacidad","status":"publish","type":"page","link":"https:\/\/campingcolombres.com\/en\/politica-de-privacidad\/","title":{"rendered":"Privacy Policy"},"content":{"rendered":"\n<div class=\"wp-block-cover alignfull is-light\" style=\"margin-top:0;margin-bottom:0\"><span aria-hidden=\"true\" class=\"wp-block-cover__background has-background-dim-0 has-background-dim\"><\/span><img loading=\"lazy\" decoding=\"async\" width=\"860\" height=\"535\" class=\"wp-block-cover__image-background wp-image-1879\" alt=\"\" src=\"https:\/\/campingcolombres.com\/wp-content\/uploads\/playa-de-poo.jpg\" data-object-fit=\"cover\" srcset=\"https:\/\/campingcolombres.com\/wp-content\/uploads\/\/playa-de-poo.jpg 860w, https:\/\/campingcolombres.com\/wp-content\/uploads\/\/playa-de-poo-768x478.jpg 768w, https:\/\/campingcolombres.com\/wp-content\/uploads\/\/playa-de-poo-512x319.jpg 512w, https:\/\/campingcolombres.com\/wp-content\/uploads\/\/playa-de-poo-256x159.jpg 256w\" sizes=\"auto, (max-width: 860px) 100vw, 860px\" \/><div class=\"wp-block-cover__inner-container is-layout-constrained wp-block-cover-is-layout-constrained\">\n<h1 class=\"wp-block-heading has-text-align-center animation--init--once slide-down has-theme-white-color has-text-color has-link-color has-large-font-size wp-elements-317dbad8746fcb974aeedfcd615452bb\"><strong><strong>Privacy Policy<\/strong><\/strong><\/h1>\n\n\n<div class=\"yoast-breadcrumbs animation--init--once slide-up\"><span><span><a href=\"https:\/\/campingcolombres.com\/en\/\">Home<\/a><\/span> &gt; <span class=\"breadcrumb_last\" aria-current=\"page\">Privacy Policy<\/span><\/span><\/div><\/div><\/div>\n\n\n\n<div class=\"wp-block-group is-layout-constrained wp-block-group-is-layout-constrained\" style=\"padding-top:var(--wp--preset--spacing--80);padding-bottom:0\">\n<h2 class=\"wp-block-heading has-text-align-center animation--init--once slide-up\" style=\"margin-top:0;margin-bottom:var(--wp--preset--spacing--80)\"><strong>Privacy Policy<\/strong><\/h2>\n<\/div>\n\n\n\n<div class=\"wp-block-group alignwide is-layout-constrained wp-block-group-is-layout-constrained\" style=\"padding-top:var(--wp--preset--spacing--80);padding-bottom:var(--wp--preset--spacing--80)\">\n<h3 class=\"wp-block-heading\"><strong>Pol\u00edtica de privacidad de datos<\/strong><\/h3>\n\n\n\n<ul class=\"wp-block-list\">\n<li>Denominaci\u00f3n Social: Camping Colombres C.B<\/li>\n\n\n\n<li>Nombre Comercial: Camping Colombres<\/li>\n\n\n\n<li>Domicilio Social: Carretera Peral a Noriega, s\/n. Km1. 33590. Ribadedeva. Asturias<\/li>\n\n\n\n<li>CIF \/ NIF: E-74.274.606<\/li>\n\n\n\n<li>Tel\u00e9fono: +34 985 41 22 44<\/li>\n\n\n\n<li>e-Mail: info@campingcolombres.es<\/li>\n\n\n\n<li>Nombre de dominio: www.campingcolombres.es<\/li>\n\n\n\n<li>Autorizaci\u00f3n administrativa:<\/li>\n\n\n\n<li>Inscrita en el Registro:<\/li>\n<\/ul>\n\n\n\n<p>En cumplimiento de lo dispuesto en la Ley Org\u00e1nica 15\/1999, de 13 de diciembre, de Protecci\u00f3n de Datos de Car\u00e1cter Personal, CAMPING COLOMBRES recuerda al cliente que sus datos de car\u00e1cter personal se encuentran incorporados a un fichero titularidad de la empresa cuya finalidad es la gesti\u00f3n de clientes, el cumplimiento de los servicios contratados y el env\u00edo de publicidad o informaci\u00f3n sobre productos o servicios ofrecidos por ella.<\/p>\n\n\n\n<p>El prestador informa y garantiza expresamente a los usuarios que sus datos personales no ser\u00e1n cedidos en ning\u00fan caso a terceras compa\u00f1\u00edas, y que siempre que fuera a realizarse alg\u00fan tipo de cesi\u00f3n de datos personales, de forma previa, se solicitar\u00eda el consentimiento expreso, informado, e inequ\u00edvoco por parte de los titulares.<\/p>\n\n\n\n<p>Todos los datos solicitados a trav\u00e9s del sitio web son obligatorios, ya que son necesarios para la prestaci\u00f3n de un servicio \u00f3ptimo al usuario. En caso de que no sean facilitados todos los datos, el prestador no garantiza que la informaci\u00f3n y servicios facilitados sean completamente ajustados a sus necesidades.<\/p>\n\n\n\n<p>El cliente autoriza expresamente el uso de sus datos en los t\u00e9rminos descritos.<\/p>\n\n\n\n<p>El prestador garantiza en todo caso al usuario el ejercicio de los derechos de acceso, rectificaci\u00f3n, cancelaci\u00f3n, informaci\u00f3n y oposici\u00f3n, en los t\u00e9rminos dispuestos en la legislaci\u00f3n vigente. Por ello, de conformidad con lo dispuesto en la Ley Org\u00e1nica 15\/1999, de Protecci\u00f3n de Datos de Car\u00e1cter Personal (LOPD) podr\u00e1 ejercer sus derechos remitiendo una solicitud expresa, junto a una copia de su DNI, a trav\u00e9s de los siguientes medios:<\/p>\n\n\n\n<p>1. E-Mail: info@campingcolombres.es<br>2. Correo Postal:&nbsp;&nbsp;CAMPING COLOMBRES, Carretera El Peral \u2013 Noriega RD-3, 33590, Colombres (Ribadedeva).<\/p>\n\n\n\n<p>Del mismo modo, el usuario podr\u00e1 darse de baja de cualquiera de los servicios de suscripci\u00f3n facilitados haciendo clic en el apartado darse de baja de todos los correos electr\u00f3nicos remitidos por parte del prestador.<\/p>\n\n\n\n<p>Del mismo modo, el prestador ha adoptado todas las medidas t\u00e9cnicas y de organizaci\u00f3n necesarias para garantizar la seguridad e integridad de los datos de car\u00e1cter personal que trate, as\u00ed como para evitar su p\u00e9rdida, alteraci\u00f3n y\/o acceso por parte de terceros no autorizados.<\/p>\n\n\n\n<h3 class=\"wp-block-heading\"><strong>USO DE COOKIES Y DEL FICHERO DE ACTIVIDAD<\/strong><\/h3>\n\n\n\n<p>El prestador por su propia cuenta o la de un tercero contratado para la prestaci\u00f3n de servicios de medici\u00f3n, pueden utilizar cookies cuando un usuario navega por el sitio web. Las cookies son ficheros enviados al navegador por medio de un servidor web con la finalidad de registrar las actividades del usuario durante su tiempo de navegaci\u00f3n.<\/p>\n\n\n\n<p>Las cookies utilizadas por el sitio web se asocian \u00fanicamente con un usuario an\u00f3nimo y su ordenador, y no proporcionan por s\u00ed mismas los datos personales del usuario.<\/p>\n\n\n\n<p>Mediante el uso de las cookies resulta posible que el servidor donde se encuentra la web, reconozca el navegador web utilizado por el usuario con la finalidad de que la navegaci\u00f3n sea m\u00e1s sencilla, permitiendo, por ejemplo, el acceso a los usuarios que se hayan registrado previamente, acceder a las \u00e1reas, servicios, promociones o concursos reservados exclusivamente a ellos sin tener que registrarse en cada visita. Se utilizan tambi\u00e9n para medir la audiencia y par\u00e1metros del tr\u00e1fico, controlar el progreso y n\u00famero de entradas.<\/p>\n\n\n\n<p>El usuario tiene la posibilidad de configurar su navegador para ser avisado de la recepci\u00f3n de cookies y para impedir su instalaci\u00f3n en su equipo. Por favor, consulte las instrucciones y manuales de su navegador para ampliar esta informaci\u00f3n.<\/p>\n\n\n\n<p>Para utilizar el sitio web, no resulta necesario que el usuario permita la instalaci\u00f3n de las cookies enviadas por el sitio web, o el tercero que act\u00fae en su nombre, sin perjuicio de que sea necesario que el usuario inicie una sesi\u00f3n como tal en cada uno de los servicios cuya prestaci\u00f3n requiera el previo registro o \u201clogin\u201d.<\/p>\n\n\n\n<p>Las cookies utilizadas en este sitio web tienen, en todo caso, car\u00e1cter temporal con la \u00fanica finalidad de hacer m\u00e1s eficaz su transmisi\u00f3n ulterior. En ning\u00fan caso se utilizar\u00e1n las cookies para recoger informaci\u00f3n de car\u00e1cter personal.<\/p>\n\n\n\n<h3 class=\"wp-block-heading\"><strong>DIRECCIONES IP<\/strong><\/h3>\n\n\n\n<p>Los servidores del sitio web podr\u00e1n detectar de manera autom\u00e1tica la direcci\u00f3n IP y el nombre de dominio utilizados por el usuario. Una direcci\u00f3n IP es un n\u00famero asignado autom\u00e1ticamente a un ordenador cuando \u00e9sta se conecta a Internet. Toda esta informaci\u00f3n es registrada en un fichero de actividad del servidor debidamente inscrito que permite el posterior procesamiento de los datos con el fin de obtener mediciones \u00fanicamente estad\u00edsticas que permitan conocer el n\u00famero de impresiones de p\u00e1ginas, el n\u00famero de visitas realizadas a los servicios web, el orden de visitas, el punto de acceso, etc.<\/p>\n\n\n\n<h3 class=\"wp-block-heading\"><strong>SEGURIDAD<\/strong><\/h3>\n\n\n\n<p>El sitio web utiliza t\u00e9cnicas de seguridad de la informaci\u00f3n generalmente aceptadas en la industria, tales como firewalls, procedimientos de control de acceso y mecanismos criptogr\u00e1ficos, todo ello con el objeto de evitar el acceso no autorizado a los datos. Para lograr estos fines, el usuario\/cliente acepta que el prestador obtenga datos para efectos de la correspondiente autenticaci\u00f3n de los controles de acceso.<\/p>\n\n\n\n<p>Todo proceso de contrataci\u00f3n o que conlleve la introducci\u00f3n de datos personales de car\u00e1cter alto (salud, ideolog\u00eda,\u2026) ser\u00e1n siempre transmitidos mediante protocolo de comunicaci\u00f3n segura (Https:\/\/,\u2026), de tal forma que ning\u00fan tercero tenga acceso a la informaci\u00f3n transmitida v\u00eda electr\u00f3nica.<\/p>\n<\/div>\n","protected":false},"excerpt":{"rendered":"<p>Privacy Policy Pol\u00edtica de privacidad de datos En cumplimiento de lo dispuesto en la Ley Org\u00e1nica 15\/1999, de 13 de diciembre, de Protecci\u00f3n de Datos&#8230;<\/p>\n","protected":false},"author":2,"featured_media":0,"parent":0,"menu_order":8,"comment_status":"closed","ping_status":"closed","template":"","meta":{"_acf_changed":false,"inline_featured_image":false,"footnotes":""},"class_list":["post-3789","page","type-page","status-publish","hentry"],"acf":[],"yoast_head":"<!-- This site is optimized with the Yoast SEO plugin v26.9 - https:\/\/yoast.com\/product\/yoast-seo-wordpress\/ -->\n<title>Privacy Policy - Camping Colombres | Accommodation and Nature in Asturias<\/title>\n<meta name=\"description\" content=\"Camping en Asturias con bungalows y parcelas. Con piscinas pr\u00f3ximo a Los Picos de Europa y Cantabria. Cerca de las playas m\u00e1s bellas.\" \/>\n<meta name=\"robots\" content=\"index, follow, max-snippet:-1, max-image-preview:large, max-video-preview:-1\" \/>\n<link rel=\"canonical\" href=\"https:\/\/campingcolombres.com\/en\/politica-de-privacidad\/\" \/>\n<meta property=\"og:locale\" content=\"en_US\" \/>\n<meta property=\"og:type\" content=\"article\" \/>\n<meta property=\"og:title\" content=\"Privacy Policy - Camping Colombres | Accommodation and Nature in Asturias\" \/>\n<meta property=\"og:description\" content=\"Camping en Asturias con bungalows y parcelas. Con piscinas pr\u00f3ximo a Los Picos de Europa y Cantabria. Cerca de las playas m\u00e1s bellas.\" \/>\n<meta property=\"og:url\" content=\"https:\/\/campingcolombres.com\/en\/politica-de-privacidad\/\" \/>\n<meta property=\"og:site_name\" content=\"Camping Colombres | Accommodation and Nature in Asturias\" \/>\n<meta property=\"article:publisher\" content=\"https:\/\/www.facebook.com\/campingcolombres\" \/>\n<meta property=\"article:modified_time\" content=\"2024-09-18T08:30:22+00:00\" \/>\n<meta property=\"og:image\" content=\"https:\/\/campingcolombres.com\/wp-content\/uploads\/playa-de-poo.jpg\" \/>\n<meta name=\"twitter:card\" content=\"summary_large_image\" \/>\n<meta name=\"twitter:site\" content=\"@campcolombres\" \/>\n<meta name=\"twitter:label1\" content=\"Est. reading time\" \/>\n\t<meta name=\"twitter:data1\" content=\"5 minutes\" \/>\n<!-- \/ Yoast SEO plugin. -->","yoast_head_json":{"title":"Privacy Policy - Camping Colombres | Accommodation and Nature in Asturias","description":"Camping en Asturias con bungalows y parcelas. Con piscinas pr\u00f3ximo a Los Picos de Europa y Cantabria. Cerca de las playas m\u00e1s bellas.","robots":{"index":"index","follow":"follow","max-snippet":"max-snippet:-1","max-image-preview":"max-image-preview:large","max-video-preview":"max-video-preview:-1"},"canonical":"https:\/\/campingcolombres.com\/en\/politica-de-privacidad\/","og_locale":"en_US","og_type":"article","og_title":"Privacy Policy - Camping Colombres | Accommodation and Nature in Asturias","og_description":"Camping en Asturias con bungalows y parcelas. Con piscinas pr\u00f3ximo a Los Picos de Europa y Cantabria. Cerca de las playas m\u00e1s bellas.","og_url":"https:\/\/campingcolombres.com\/en\/politica-de-privacidad\/","og_site_name":"Camping Colombres | Accommodation and Nature in Asturias","article_publisher":"https:\/\/www.facebook.com\/campingcolombres","article_modified_time":"2024-09-18T08:30:22+00:00","og_image":[{"url":"https:\/\/campingcolombres.com\/wp-content\/uploads\/playa-de-poo.jpg","type":"","width":"","height":""}],"twitter_card":"summary_large_image","twitter_site":"@campcolombres","twitter_misc":{"Est. reading time":"5 minutes"},"schema":{"@context":"https:\/\/schema.org","@graph":[{"@type":"WebPage","@id":"https:\/\/campingcolombres.com\/en\/politica-de-privacidad\/","url":"https:\/\/campingcolombres.com\/en\/politica-de-privacidad\/","name":"Privacy Policy - Camping Colombres | Accommodation and Nature in Asturias","isPartOf":{"@id":"https:\/\/campingcolombres.com\/en\/#website"},"primaryImageOfPage":{"@id":"https:\/\/campingcolombres.com\/en\/politica-de-privacidad\/#primaryimage"},"image":{"@id":"https:\/\/campingcolombres.com\/en\/politica-de-privacidad\/#primaryimage"},"thumbnailUrl":"https:\/\/campingcolombres.com\/wp-content\/uploads\/playa-de-poo.jpg","datePublished":"2024-04-26T12:08:54+00:00","dateModified":"2024-09-18T08:30:22+00:00","description":"Camping en Asturias con bungalows y parcelas. Con piscinas pr\u00f3ximo a Los Picos de Europa y Cantabria. Cerca de las playas m\u00e1s bellas.","breadcrumb":{"@id":"https:\/\/campingcolombres.com\/en\/politica-de-privacidad\/#breadcrumb"},"inLanguage":"en-US","potentialAction":[{"@type":"ReadAction","target":["https:\/\/campingcolombres.com\/en\/politica-de-privacidad\/"]}]},{"@type":"ImageObject","inLanguage":"en-US","@id":"https:\/\/campingcolombres.com\/en\/politica-de-privacidad\/#primaryimage","url":"https:\/\/campingcolombres.com\/wp-content\/uploads\/playa-de-poo.jpg","contentUrl":"https:\/\/campingcolombres.com\/wp-content\/uploads\/playa-de-poo.jpg"},{"@type":"BreadcrumbList","@id":"https:\/\/campingcolombres.com\/en\/politica-de-privacidad\/#breadcrumb","itemListElement":[{"@type":"ListItem","position":1,"name":"Home","item":"https:\/\/campingcolombres.com\/en\/"},{"@type":"ListItem","position":2,"name":"Privacy Policy"}]},{"@type":"WebSite","@id":"https:\/\/campingcolombres.com\/en\/#website","url":"https:\/\/campingcolombres.com\/en\/","name":"Camping Colombres","description":"Camping in Asturias with bungalows and plots. With swimming pools near the Picos de Europa and Cantabria. Close to the most beautiful beaches.","publisher":{"@id":"https:\/\/campingcolombres.com\/en\/#organization"},"potentialAction":[{"@type":"SearchAction","target":{"@type":"EntryPoint","urlTemplate":"https:\/\/campingcolombres.com\/en\/?s={search_term_string}"},"query-input":{"@type":"PropertyValueSpecification","valueRequired":true,"valueName":"search_term_string"}}],"inLanguage":"en-US"},{"@type":"Organization","@id":"https:\/\/campingcolombres.com\/en\/#organization","name":"Camping Colombres","url":"https:\/\/campingcolombres.com\/en\/","logo":{"@type":"ImageObject","inLanguage":"en-US","@id":"https:\/\/campingcolombres.com\/en\/#\/schema\/logo\/image\/","url":"https:\/\/campingcolombres.com\/wp-content\/uploads\/cropped-vector.png","contentUrl":"https:\/\/campingcolombres.com\/wp-content\/uploads\/cropped-vector.png","width":219,"height":46,"caption":"Camping Colombres"},"image":{"@id":"https:\/\/campingcolombres.com\/en\/#\/schema\/logo\/image\/"},"sameAs":["https:\/\/www.facebook.com\/campingcolombres","https:\/\/x.com\/campcolombres","https:\/\/www.instagram.com\/campingcolombres\/","https:\/\/www.youtube.com\/user\/campingasturias"]}]}},"_links":{"self":[{"href":"https:\/\/campingcolombres.com\/en\/wp-json\/wp\/v2\/pages\/3789","targetHints":{"allow":["GET"]}}],"collection":[{"href":"https:\/\/campingcolombres.com\/en\/wp-json\/wp\/v2\/pages"}],"about":[{"href":"https:\/\/campingcolombres.com\/en\/wp-json\/wp\/v2\/types\/page"}],"author":[{"embeddable":true,"href":"https:\/\/campingcolombres.com\/en\/wp-json\/wp\/v2\/users\/2"}],"replies":[{"embeddable":true,"href":"https:\/\/campingcolombres.com\/en\/wp-json\/wp\/v2\/comments?post=3789"}],"version-history":[{"count":1,"href":"https:\/\/campingcolombres.com\/en\/wp-json\/wp\/v2\/pages\/3789\/revisions"}],"predecessor-version":[{"id":3790,"href":"https:\/\/campingcolombres.com\/en\/wp-json\/wp\/v2\/pages\/3789\/revisions\/3790"}],"wp:attachment":[{"href":"https:\/\/campingcolombres.com\/en\/wp-json\/wp\/v2\/media?parent=3789"}],"curies":[{"name":"wp","href":"https:\/\/api.w.org\/{rel}","templated":true}]}}